{"id":206,"date":"2023-10-12T14:53:54","date_gmt":"2023-10-12T14:53:54","guid":{"rendered":"https:\/\/staging.onespec.ca\/?page_id=206"},"modified":"2025-06-04T13:16:19","modified_gmt":"2025-06-04T13:16:19","slug":"nous-joindre","status":"publish","type":"page","link":"https:\/\/onespec.ca\/?page_id=206","title":{"rendered":"Contact"},"content":{"rendered":"\t\t<div data-elementor-type=\"wp-page\" data-elementor-id=\"206\" class=\"elementor elementor-206\" data-elementor-post-type=\"page\">\n\t\t\t\t\t\t<section class=\"elementor-section elementor-top-section elementor-element elementor-element-ea0f01b elementor-section-boxed elementor-section-height-default elementor-section-height-default\" data-id=\"ea0f01b\" data-element_type=\"section\" data-e-type=\"section\" data-settings=\"{&quot;background_background&quot;:&quot;classic&quot;}\">\n\t\t\t\t\t\t\t<div class=\"elementor-background-overlay\"><\/div>\n\t\t\t\t\t\t\t<div class=\"elementor-container elementor-column-gap-default\">\n\t\t\t\t\t<div class=\"elementor-column elementor-col-100 elementor-top-column elementor-element elementor-element-2d5b552e\" data-id=\"2d5b552e\" data-element_type=\"column\" data-e-type=\"column\">\n\t\t\t<div class=\"elementor-widget-wrap elementor-element-populated\">\n\t\t\t\t\t\t<div class=\"elementor-element elementor-element-4abbc49 elementor-widget elementor-widget-heading\" data-id=\"4abbc49\" data-element_type=\"widget\" data-e-type=\"widget\" data-widget_type=\"heading.default\">\n\t\t\t\t<div class=\"elementor-widget-container\">\n\t\t\t\t\t<h1 class=\"elementor-heading-title elementor-size-default\">NOUS JOINDRE<\/h1>\t\t\t\t<\/div>\n\t\t\t\t<\/div>\n\t\t\t\t\t<\/div>\n\t\t<\/div>\n\t\t\t\t\t<\/div>\n\t\t<\/section>\n\t\t\t\t<section class=\"elementor-section elementor-top-section elementor-element elementor-element-517ab40c elementor-section-boxed elementor-section-height-default elementor-section-height-default\" data-id=\"517ab40c\" data-element_type=\"section\" data-e-type=\"section\">\n\t\t\t\t\t\t<div class=\"elementor-container elementor-column-gap-default\">\n\t\t\t\t\t<div class=\"elementor-column elementor-col-50 elementor-top-column elementor-element elementor-element-3263ef9f\" data-id=\"3263ef9f\" data-element_type=\"column\" data-e-type=\"column\" data-settings=\"{&quot;animation&quot;:&quot;none&quot;}\">\n\t\t\t<div class=\"elementor-widget-wrap elementor-element-populated\">\n\t\t\t\t\t\t<div class=\"elementor-element elementor-element-650e4796 elementor-widget-tablet__width-initial elementor-widget elementor-widget-heading\" data-id=\"650e4796\" data-element_type=\"widget\" data-e-type=\"widget\" data-settings=\"{&quot;_animation&quot;:&quot;none&quot;}\" data-widget_type=\"heading.default\">\n\t\t\t\t<div class=\"elementor-widget-container\">\n\t\t\t\t\t<h2 class=\"elementor-heading-title elementor-size-default\">Contactez-nous<\/h2>\t\t\t\t<\/div>\n\t\t\t\t<\/div>\n\t\t\t\t<div class=\"elementor-element elementor-element-1719a9e3 elementor-view-stacked elementor-shape-square elementor-position-inline-start elementor-mobile-position-block-start elementor-widget elementor-widget-icon-box\" data-id=\"1719a9e3\" data-element_type=\"widget\" data-e-type=\"widget\" data-settings=\"{&quot;_animation&quot;:&quot;none&quot;}\" data-widget_type=\"icon-box.default\">\n\t\t\t\t<div class=\"elementor-widget-container\">\n\t\t\t\t\t\t\t<div class=\"elementor-icon-box-wrapper\">\n\n\t\t\t\t\t\t<div class=\"elementor-icon-box-icon\">\n\t\t\t\t<span  class=\"elementor-icon\">\n\t\t\t\t<i aria-hidden=\"true\" class=\"fas fa-phone-alt\"><\/i>\t\t\t\t<\/span>\n\t\t\t<\/div>\n\t\t\t\n\t\t\t\t\t\t<div class=\"elementor-icon-box-content\">\n\n\t\t\t\t\t\t\t\t\t<h6 class=\"elementor-icon-box-title\">\n\t\t\t\t\t\t<span  >\n\t\t\t\t\t\t\tAdresse\t\t\t\t\t\t<\/span>\n\t\t\t\t\t<\/h6>\n\t\t\t\t\n\t\t\t\t\t\t\t\t\t<p class=\"elementor-icon-box-description\">\n\t\t\t\t\t\t136, 126<sup>e<\/sup> avenue, Saint-Hippolyte,\n<br>\nQu\u00e9bec, J8A 2H3\t\t\t\t\t<\/p>\n\t\t\t\t\n\t\t\t<\/div>\n\t\t\t\n\t\t<\/div>\n\t\t\t\t\t\t<\/div>\n\t\t\t\t<\/div>\n\t\t\t\t<div class=\"elementor-element elementor-element-36abd088 elementor-view-stacked elementor-shape-square elementor-position-inline-start elementor-mobile-position-block-start elementor-widget elementor-widget-icon-box\" data-id=\"36abd088\" data-element_type=\"widget\" data-e-type=\"widget\" data-settings=\"{&quot;_animation&quot;:&quot;none&quot;}\" data-widget_type=\"icon-box.default\">\n\t\t\t\t<div class=\"elementor-widget-container\">\n\t\t\t\t\t\t\t<div class=\"elementor-icon-box-wrapper\">\n\n\t\t\t\t\t\t<div class=\"elementor-icon-box-icon\">\n\t\t\t\t<a href=\"mailto:info@onespec.ca\" class=\"elementor-icon\" tabindex=\"-1\" aria-label=\"Courriel\">\n\t\t\t\t<i aria-hidden=\"true\" class=\"fas fa-envelope\"><\/i>\t\t\t\t<\/a>\n\t\t\t<\/div>\n\t\t\t\n\t\t\t\t\t\t<div class=\"elementor-icon-box-content\">\n\n\t\t\t\t\t\t\t\t\t<h6 class=\"elementor-icon-box-title\">\n\t\t\t\t\t\t<a href=\"mailto:info@onespec.ca\" >\n\t\t\t\t\t\t\tCourriel\t\t\t\t\t\t<\/a>\n\t\t\t\t\t<\/h6>\n\t\t\t\t\n\t\t\t\t\t\t\t\t\t<p class=\"elementor-icon-box-description\">\n\t\t\t\t\t\tinfo@onespec.ca\t\t\t\t\t<\/p>\n\t\t\t\t\n\t\t\t<\/div>\n\t\t\t\n\t\t<\/div>\n\t\t\t\t\t\t<\/div>\n\t\t\t\t<\/div>\n\t\t\t\t<div class=\"elementor-element elementor-element-dc2f605 elementor-view-stacked elementor-shape-square elementor-position-inline-start elementor-mobile-position-block-start elementor-widget elementor-widget-icon-box\" data-id=\"dc2f605\" data-element_type=\"widget\" data-e-type=\"widget\" data-settings=\"{&quot;_animation&quot;:&quot;none&quot;}\" data-widget_type=\"icon-box.default\">\n\t\t\t\t<div class=\"elementor-widget-container\">\n\t\t\t\t\t\t\t<div class=\"elementor-icon-box-wrapper\">\n\n\t\t\t\t\t\t<div class=\"elementor-icon-box-icon\">\n\t\t\t\t<a href=\"tel:514-703-8844\" class=\"elementor-icon\" tabindex=\"-1\" aria-label=\"T\u00e9l\u00e9phone\">\n\t\t\t\t<i aria-hidden=\"true\" class=\"fas fa-map-marker-alt\"><\/i>\t\t\t\t<\/a>\n\t\t\t<\/div>\n\t\t\t\n\t\t\t\t\t\t<div class=\"elementor-icon-box-content\">\n\n\t\t\t\t\t\t\t\t\t<h6 class=\"elementor-icon-box-title\">\n\t\t\t\t\t\t<a href=\"tel:514-703-8844\" >\n\t\t\t\t\t\t\tT\u00e9l\u00e9phone\t\t\t\t\t\t<\/a>\n\t\t\t\t\t<\/h6>\n\t\t\t\t\n\t\t\t\t\t\t\t\t\t<p class=\"elementor-icon-box-description\">\n\t\t\t\t\t\t514-703-8844\t\t\t\t\t<\/p>\n\t\t\t\t\n\t\t\t<\/div>\n\t\t\t\n\t\t<\/div>\n\t\t\t\t\t\t<\/div>\n\t\t\t\t<\/div>\n\t\t\t\t\t<\/div>\n\t\t<\/div>\n\t\t\t\t<div class=\"elementor-column elementor-col-50 elementor-top-column elementor-element elementor-element-73e9fc05\" data-id=\"73e9fc05\" data-element_type=\"column\" data-e-type=\"column\" data-settings=\"{&quot;background_background&quot;:&quot;classic&quot;,&quot;animation&quot;:&quot;none&quot;}\">\n\t\t\t<div class=\"elementor-widget-wrap elementor-element-populated\">\n\t\t\t\t\t\t<div class=\"elementor-element elementor-element-29dee3c1 elementor-button-align-stretch elementor-widget elementor-widget-form\" data-id=\"29dee3c1\" data-element_type=\"widget\" data-e-type=\"widget\" data-settings=\"{&quot;step_next_label&quot;:&quot;Next&quot;,&quot;step_previous_label&quot;:&quot;Previous&quot;,&quot;_animation&quot;:&quot;none&quot;,&quot;button_width&quot;:&quot;100&quot;,&quot;step_type&quot;:&quot;number_text&quot;,&quot;step_icon_shape&quot;:&quot;circle&quot;}\" data-widget_type=\"form.default\">\n\t\t\t\t<div class=\"elementor-widget-container\">\n\t\t\t\t\t\t\t<form class=\"elementor-form\" method=\"post\" name=\"New Form\">\n\t\t\t<input type=\"hidden\" name=\"post_id\" value=\"206\"\/>\n\t\t\t<input type=\"hidden\" name=\"form_id\" value=\"29dee3c1\"\/>\n\t\t\t<input type=\"hidden\" name=\"referer_title\" value=\"Contact - OneSpec inc.\" \/>\n\n\t\t\t\t\t\t\t<input type=\"hidden\" name=\"queried_id\" value=\"206\"\/>\n\t\t\t\n\t\t\t<div class=\"elementor-form-fields-wrapper elementor-labels-above\">\n\t\t\t\t\t\t\t\t<div class=\"elementor-field-type-text elementor-field-group elementor-column elementor-field-group-name elementor-col-50\">\n\t\t\t\t\t\t\t\t\t\t\t\t<label for=\"form-field-name\" class=\"elementor-field-label\">\n\t\t\t\t\t\t\t\tNom\t\t\t\t\t\t\t<\/label>\n\t\t\t\t\t\t\t\t\t\t\t\t\t\t<input size=\"1\" type=\"text\" name=\"form_fields[name]\" id=\"form-field-name\" class=\"elementor-field elementor-size-md  elementor-field-textual\">\n\t\t\t\t\t\t\t\t\t\t\t<\/div>\n\t\t\t\t\t\t\t\t<div class=\"elementor-field-type-tel elementor-field-group elementor-column elementor-field-group-field_78d31bb elementor-col-50\">\n\t\t\t\t\t\t\t\t\t\t\t\t<label for=\"form-field-field_78d31bb\" class=\"elementor-field-label\">\n\t\t\t\t\t\t\t\tT\u00e9l\u00e9phone\t\t\t\t\t\t\t<\/label>\n\t\t\t\t\t\t\t\t<input size=\"1\" type=\"tel\" name=\"form_fields[field_78d31bb]\" id=\"form-field-field_78d31bb\" class=\"elementor-field elementor-size-md  elementor-field-textual\" pattern=\"[0-9()#&amp;+*-=.]+\" title=\"Seuls les caract\u00e8res de num\u00e9ros de t\u00e9l\u00e9phone (#, -, *, etc.) sont accept\u00e9s.\">\n\n\t\t\t\t\t\t<\/div>\n\t\t\t\t\t\t\t\t<div class=\"elementor-field-type-email elementor-field-group elementor-column elementor-field-group-email elementor-col-100 elementor-field-required\">\n\t\t\t\t\t\t\t\t\t\t\t\t<label for=\"form-field-email\" class=\"elementor-field-label\">\n\t\t\t\t\t\t\t\tCourriel\t\t\t\t\t\t\t<\/label>\n\t\t\t\t\t\t\t\t\t\t\t\t\t\t<input size=\"1\" type=\"email\" name=\"form_fields[email]\" id=\"form-field-email\" class=\"elementor-field elementor-size-md  elementor-field-textual\" required=\"required\">\n\t\t\t\t\t\t\t\t\t\t\t<\/div>\n\t\t\t\t\t\t\t\t<div class=\"elementor-field-type-textarea elementor-field-group elementor-column elementor-field-group-message elementor-col-100\">\n\t\t\t\t\t\t\t\t\t\t\t\t<label for=\"form-field-message\" class=\"elementor-field-label\">\n\t\t\t\t\t\t\t\tMessage\t\t\t\t\t\t\t<\/label>\n\t\t\t\t\t\t<textarea class=\"elementor-field-textual elementor-field  elementor-size-md\" name=\"form_fields[message]\" id=\"form-field-message\" rows=\"4\"><\/textarea>\t\t\t\t<\/div>\n\t\t\t\t\t\t\t\t<div class=\"elementor-field-type-recaptcha_v3 elementor-field-group elementor-column elementor-field-group-field_fca0d6c elementor-col-100 recaptcha_v3-inline\">\n\t\t\t\t\t<div class=\"elementor-field\" id=\"form-field-field_fca0d6c\"><div class=\"elementor-g-recaptcha\" data-sitekey=\"6Ldho1UrAAAAAEf6Jgia-wzryPYVtwBpZmQlgmJy\" data-type=\"v3\" data-action=\"Form\" data-badge=\"inline\" data-size=\"invisible\"><\/div><\/div>\t\t\t\t<\/div>\n\t\t\t\t\t\t\t\t<div class=\"elementor-field-group elementor-column elementor-field-type-submit elementor-col-100 e-form__buttons\">\n\t\t\t\t\t<button class=\"elementor-button elementor-size-md\" type=\"submit\">\n\t\t\t\t\t\t<span class=\"elementor-button-content-wrapper\">\n\t\t\t\t\t\t\t\t\t\t\t\t\t\t\t\t\t\t\t\t\t\t<span class=\"elementor-button-text\">ENVOYER<\/span>\n\t\t\t\t\t\t\t\t\t\t\t\t\t<\/span>\n\t\t\t\t\t<\/button>\n\t\t\t\t<\/div>\n\t\t\t<\/div>\n\t\t<\/form>\n\t\t\t\t\t\t<\/div>\n\t\t\t\t<\/div>\n\t\t\t\t<div class=\"elementor-element elementor-element-8a69b33 elementor-widget elementor-widget-text-editor\" data-id=\"8a69b33\" data-element_type=\"widget\" data-e-type=\"widget\" data-widget_type=\"text-editor.default\">\n\t\t\t\t<div class=\"elementor-widget-container\">\n\t\t\t\t\t\t\t\t\t<p>Pour conna\u00eetre nos <a href=\"https:\/\/onespec.ca\/?page_id=54\">services<\/a>.<\/p>\t\t\t\t\t\t\t\t<\/div>\n\t\t\t\t<\/div>\n\t\t\t\t\t<\/div>\n\t\t<\/div>\n\t\t\t\t\t<\/div>\n\t\t<\/section>\n\t\t\t\t<section class=\"elementor-section elementor-top-section elementor-element elementor-element-ed69775 elementor-section-full_width elementor-hidden-desktop elementor-hidden-tablet elementor-section-height-default elementor-section-height-default\" data-id=\"ed69775\" data-element_type=\"section\" data-e-type=\"section\" data-settings=\"{&quot;background_background&quot;:&quot;classic&quot;,&quot;animation&quot;:&quot;none&quot;}\">\n\t\t\t\t\t\t<div class=\"elementor-container elementor-column-gap-default\">\n\t\t\t\t\t<div class=\"elementor-column elementor-col-100 elementor-top-column elementor-element elementor-element-a7e5852\" data-id=\"a7e5852\" data-element_type=\"column\" data-e-type=\"column\" data-settings=\"{&quot;animation&quot;:&quot;none&quot;}\">\n\t\t\t<div class=\"elementor-widget-wrap elementor-element-populated\">\n\t\t\t\t\t\t<div class=\"elementor-element elementor-element-9a809fa elementor-widget elementor-widget-google_maps\" data-id=\"9a809fa\" data-element_type=\"widget\" data-e-type=\"widget\" data-widget_type=\"google_maps.default\">\n\t\t\t\t<div class=\"elementor-widget-container\">\n\t\t\t\t\t\t\t<div class=\"elementor-custom-embed\">\n\t\t\t<iframe loading=\"lazy\"\n\t\t\t\t\tsrc=\"https:\/\/maps.google.com\/maps?q=136%20126e%20Avenue%2C%20Saint-Hippolyte%2C%20Qu%C3%A9bec%2C%20J8A%202H3&#038;t=m&#038;z=14&#038;output=embed&#038;iwloc=near\"\n\t\t\t\t\ttitle=\"136 126e Avenue, Saint-Hippolyte, Qu\u00e9bec, J8A 2H3\"\n\t\t\t\t\taria-label=\"136 126e Avenue, Saint-Hippolyte, Qu\u00e9bec, J8A 2H3\"\n\t\t\t><\/iframe>\n\t\t<\/div>\n\t\t\t\t\t\t<\/div>\n\t\t\t\t<\/div>\n\t\t\t\t\t<\/div>\n\t\t<\/div>\n\t\t\t\t\t<\/div>\n\t\t<\/section>\n\t\t\t\t<section class=\"elementor-section elementor-top-section elementor-element elementor-element-9d18130 elementor-section-full_width elementor-hidden-mobile elementor-section-height-default elementor-section-height-default\" data-id=\"9d18130\" data-element_type=\"section\" data-e-type=\"section\" data-settings=\"{&quot;background_background&quot;:&quot;classic&quot;,&quot;animation&quot;:&quot;none&quot;}\">\n\t\t\t\t\t\t<div class=\"elementor-container elementor-column-gap-default\">\n\t\t\t\t\t<div class=\"elementor-column elementor-col-100 elementor-top-column elementor-element elementor-element-a91decc\" data-id=\"a91decc\" data-element_type=\"column\" data-e-type=\"column\" data-settings=\"{&quot;animation&quot;:&quot;none&quot;}\">\n\t\t\t<div class=\"elementor-widget-wrap elementor-element-populated\">\n\t\t\t\t\t\t<div class=\"elementor-element elementor-element-60a576a elementor-widget elementor-widget-google_maps\" data-id=\"60a576a\" data-element_type=\"widget\" data-e-type=\"widget\" data-widget_type=\"google_maps.default\">\n\t\t\t\t<div class=\"elementor-widget-container\">\n\t\t\t\t\t\t\t<div class=\"elementor-custom-embed\">\n\t\t\t<iframe loading=\"lazy\"\n\t\t\t\t\tsrc=\"https:\/\/maps.google.com\/maps?q=136%20126e%20Avenue%2C%20Saint-Hippolyte%2C%20Qu%C3%A9bec%2C%20J8A%202H3&#038;t=m&#038;z=14&#038;output=embed&#038;iwloc=near\"\n\t\t\t\t\ttitle=\"136 126e Avenue, Saint-Hippolyte, Qu\u00e9bec, J8A 2H3\"\n\t\t\t\t\taria-label=\"136 126e Avenue, Saint-Hippolyte, Qu\u00e9bec, J8A 2H3\"\n\t\t\t><\/iframe>\n\t\t<\/div>\n\t\t\t\t\t\t<\/div>\n\t\t\t\t<\/div>\n\t\t\t\t\t<\/div>\n\t\t<\/div>\n\t\t\t\t\t<\/div>\n\t\t<\/section>\n\t\t\t\t<\/div>\n\t\t","protected":false},"excerpt":{"rendered":"<p>NOUS JOINDRE Contactez-nous Adresse 136, 126e avenue, Saint-Hippolyte, Qu\u00e9bec, J8A 2H3 Courriel info@onespec.ca T\u00e9l\u00e9phone 514-703-8844 Pour conna\u00eetre nos services.<\/p>\n","protected":false},"author":1,"featured_media":212,"parent":0,"menu_order":0,"comment_status":"closed","ping_status":"closed","template":"","meta":{"footnotes":""},"class_list":["post-206","page","type-page","status-publish","has-post-thumbnail","hentry"],"yoast_head":"<!-- This site is optimized with the Yoast SEO plugin v27.3 - https:\/\/yoast.com\/product\/yoast-seo-wordpress\/ -->\n<title>Contact - OneSpec inc.<\/title>\n<meta name=\"description\" content=\"Nous joindre | Inspecteur en B\u00e2timent de Confiance - notre \u00e9quipe d&#039;experts est \u00e0 votre service. 514-703-8844\" \/>\n<meta name=\"robots\" content=\"index, follow, max-snippet:-1, max-image-preview:large, max-video-preview:-1\" \/>\n<link rel=\"canonical\" href=\"https:\/\/onespec.ca\/?page_id=206\" \/>\n<meta property=\"og:locale\" content=\"fr_CA\" \/>\n<meta property=\"og:type\" content=\"article\" \/>\n<meta property=\"og:title\" content=\"Contact - OneSpec inc.\" \/>\n<meta property=\"og:description\" content=\"Nous joindre | Inspecteur en B\u00e2timent de Confiance - notre \u00e9quipe d&#039;experts est \u00e0 votre service. 514-703-8844\" \/>\n<meta property=\"og:url\" content=\"https:\/\/onespec.ca\/?page_id=206\" \/>\n<meta property=\"og:site_name\" content=\"OneSpec inc.\" \/>\n<meta property=\"article:modified_time\" content=\"2025-06-04T13:16:19+00:00\" \/>\n<meta property=\"og:image\" content=\"https:\/\/onespec.ca\/wp-content\/uploads\/2023\/10\/Creation-sans-titre-3-6.png\" \/>\n\t<meta property=\"og:image:width\" content=\"1640\" \/>\n\t<meta property=\"og:image:height\" content=\"924\" \/>\n\t<meta property=\"og:image:type\" content=\"image\/png\" \/>\n<meta name=\"twitter:card\" content=\"summary_large_image\" \/>\n<meta name=\"twitter:label1\" content=\"Estimation du temps de lecture\" \/>\n\t<meta name=\"twitter:data1\" content=\"1 minute\" \/>\n<script type=\"application\/ld+json\" class=\"yoast-schema-graph\">{\"@context\":\"https:\\\/\\\/schema.org\",\"@graph\":[{\"@type\":\"WebPage\",\"@id\":\"https:\\\/\\\/onespec.ca\\\/?page_id=206\",\"url\":\"https:\\\/\\\/onespec.ca\\\/?page_id=206\",\"name\":\"Contact - OneSpec inc.\",\"isPartOf\":{\"@id\":\"https:\\\/\\\/onespec.ca\\\/#website\"},\"primaryImageOfPage\":{\"@id\":\"https:\\\/\\\/onespec.ca\\\/?page_id=206#primaryimage\"},\"image\":{\"@id\":\"https:\\\/\\\/onespec.ca\\\/?page_id=206#primaryimage\"},\"thumbnailUrl\":\"https:\\\/\\\/onespec.ca\\\/wp-content\\\/uploads\\\/2023\\\/10\\\/Creation-sans-titre-3-6.png\",\"datePublished\":\"2023-10-12T14:53:54+00:00\",\"dateModified\":\"2025-06-04T13:16:19+00:00\",\"description\":\"Nous joindre | Inspecteur en B\u00e2timent de Confiance - notre \u00e9quipe d'experts est \u00e0 votre service. 514-703-8844\",\"breadcrumb\":{\"@id\":\"https:\\\/\\\/onespec.ca\\\/?page_id=206#breadcrumb\"},\"inLanguage\":\"fr-CA\",\"potentialAction\":[{\"@type\":\"ReadAction\",\"target\":[\"https:\\\/\\\/onespec.ca\\\/?page_id=206\"]}]},{\"@type\":\"ImageObject\",\"inLanguage\":\"fr-CA\",\"@id\":\"https:\\\/\\\/onespec.ca\\\/?page_id=206#primaryimage\",\"url\":\"https:\\\/\\\/onespec.ca\\\/wp-content\\\/uploads\\\/2023\\\/10\\\/Creation-sans-titre-3-6.png\",\"contentUrl\":\"https:\\\/\\\/onespec.ca\\\/wp-content\\\/uploads\\\/2023\\\/10\\\/Creation-sans-titre-3-6.png\",\"width\":1640,\"height\":924,\"caption\":\"inspection-maison-avec-plan\"},{\"@type\":\"BreadcrumbList\",\"@id\":\"https:\\\/\\\/onespec.ca\\\/?page_id=206#breadcrumb\",\"itemListElement\":[{\"@type\":\"ListItem\",\"position\":1,\"name\":\"Home\",\"item\":\"https:\\\/\\\/onespec.ca\\\/\"},{\"@type\":\"ListItem\",\"position\":2,\"name\":\"Contact\"}]},{\"@type\":\"WebSite\",\"@id\":\"https:\\\/\\\/onespec.ca\\\/#website\",\"url\":\"https:\\\/\\\/onespec.ca\\\/\",\"name\":\"OneSpec inc.\",\"description\":\"\",\"publisher\":{\"@id\":\"https:\\\/\\\/onespec.ca\\\/#organization\"},\"potentialAction\":[{\"@type\":\"SearchAction\",\"target\":{\"@type\":\"EntryPoint\",\"urlTemplate\":\"https:\\\/\\\/onespec.ca\\\/?s={search_term_string}\"},\"query-input\":{\"@type\":\"PropertyValueSpecification\",\"valueRequired\":true,\"valueName\":\"search_term_string\"}}],\"inLanguage\":\"fr-CA\"},{\"@type\":\"Organization\",\"@id\":\"https:\\\/\\\/onespec.ca\\\/#organization\",\"name\":\"OneSpec inc.\",\"url\":\"https:\\\/\\\/onespec.ca\\\/\",\"logo\":{\"@type\":\"ImageObject\",\"inLanguage\":\"fr-CA\",\"@id\":\"https:\\\/\\\/onespec.ca\\\/#\\\/schema\\\/logo\\\/image\\\/\",\"url\":\"https:\\\/\\\/onespec.ca\\\/wp-content\\\/uploads\\\/2023\\\/10\\\/logo.gif\",\"contentUrl\":\"https:\\\/\\\/onespec.ca\\\/wp-content\\\/uploads\\\/2023\\\/10\\\/logo.gif\",\"width\":308,\"height\":145,\"caption\":\"OneSpec inc.\"},\"image\":{\"@id\":\"https:\\\/\\\/onespec.ca\\\/#\\\/schema\\\/logo\\\/image\\\/\"}}]}<\/script>\n<!-- \/ Yoast SEO plugin. -->","yoast_head_json":{"title":"Contact - OneSpec inc.","description":"Nous joindre | Inspecteur en B\u00e2timent de Confiance - notre \u00e9quipe d'experts est \u00e0 votre service. 514-703-8844","robots":{"index":"index","follow":"follow","max-snippet":"max-snippet:-1","max-image-preview":"max-image-preview:large","max-video-preview":"max-video-preview:-1"},"canonical":"https:\/\/onespec.ca\/?page_id=206","og_locale":"fr_CA","og_type":"article","og_title":"Contact - OneSpec inc.","og_description":"Nous joindre | Inspecteur en B\u00e2timent de Confiance - notre \u00e9quipe d'experts est \u00e0 votre service. 514-703-8844","og_url":"https:\/\/onespec.ca\/?page_id=206","og_site_name":"OneSpec inc.","article_modified_time":"2025-06-04T13:16:19+00:00","og_image":[{"width":1640,"height":924,"url":"https:\/\/onespec.ca\/wp-content\/uploads\/2023\/10\/Creation-sans-titre-3-6.png","type":"image\/png"}],"twitter_card":"summary_large_image","twitter_misc":{"Estimation du temps de lecture":"1 minute"},"schema":{"@context":"https:\/\/schema.org","@graph":[{"@type":"WebPage","@id":"https:\/\/onespec.ca\/?page_id=206","url":"https:\/\/onespec.ca\/?page_id=206","name":"Contact - OneSpec inc.","isPartOf":{"@id":"https:\/\/onespec.ca\/#website"},"primaryImageOfPage":{"@id":"https:\/\/onespec.ca\/?page_id=206#primaryimage"},"image":{"@id":"https:\/\/onespec.ca\/?page_id=206#primaryimage"},"thumbnailUrl":"https:\/\/onespec.ca\/wp-content\/uploads\/2023\/10\/Creation-sans-titre-3-6.png","datePublished":"2023-10-12T14:53:54+00:00","dateModified":"2025-06-04T13:16:19+00:00","description":"Nous joindre | Inspecteur en B\u00e2timent de Confiance - notre \u00e9quipe d'experts est \u00e0 votre service. 514-703-8844","breadcrumb":{"@id":"https:\/\/onespec.ca\/?page_id=206#breadcrumb"},"inLanguage":"fr-CA","potentialAction":[{"@type":"ReadAction","target":["https:\/\/onespec.ca\/?page_id=206"]}]},{"@type":"ImageObject","inLanguage":"fr-CA","@id":"https:\/\/onespec.ca\/?page_id=206#primaryimage","url":"https:\/\/onespec.ca\/wp-content\/uploads\/2023\/10\/Creation-sans-titre-3-6.png","contentUrl":"https:\/\/onespec.ca\/wp-content\/uploads\/2023\/10\/Creation-sans-titre-3-6.png","width":1640,"height":924,"caption":"inspection-maison-avec-plan"},{"@type":"BreadcrumbList","@id":"https:\/\/onespec.ca\/?page_id=206#breadcrumb","itemListElement":[{"@type":"ListItem","position":1,"name":"Home","item":"https:\/\/onespec.ca\/"},{"@type":"ListItem","position":2,"name":"Contact"}]},{"@type":"WebSite","@id":"https:\/\/onespec.ca\/#website","url":"https:\/\/onespec.ca\/","name":"OneSpec inc.","description":"","publisher":{"@id":"https:\/\/onespec.ca\/#organization"},"potentialAction":[{"@type":"SearchAction","target":{"@type":"EntryPoint","urlTemplate":"https:\/\/onespec.ca\/?s={search_term_string}"},"query-input":{"@type":"PropertyValueSpecification","valueRequired":true,"valueName":"search_term_string"}}],"inLanguage":"fr-CA"},{"@type":"Organization","@id":"https:\/\/onespec.ca\/#organization","name":"OneSpec inc.","url":"https:\/\/onespec.ca\/","logo":{"@type":"ImageObject","inLanguage":"fr-CA","@id":"https:\/\/onespec.ca\/#\/schema\/logo\/image\/","url":"https:\/\/onespec.ca\/wp-content\/uploads\/2023\/10\/logo.gif","contentUrl":"https:\/\/onespec.ca\/wp-content\/uploads\/2023\/10\/logo.gif","width":308,"height":145,"caption":"OneSpec inc."},"image":{"@id":"https:\/\/onespec.ca\/#\/schema\/logo\/image\/"}}]}},"_links":{"self":[{"href":"https:\/\/onespec.ca\/index.php?rest_route=\/wp\/v2\/pages\/206","targetHints":{"allow":["GET"]}}],"collection":[{"href":"https:\/\/onespec.ca\/index.php?rest_route=\/wp\/v2\/pages"}],"about":[{"href":"https:\/\/onespec.ca\/index.php?rest_route=\/wp\/v2\/types\/page"}],"author":[{"embeddable":true,"href":"https:\/\/onespec.ca\/index.php?rest_route=\/wp\/v2\/users\/1"}],"replies":[{"embeddable":true,"href":"https:\/\/onespec.ca\/index.php?rest_route=%2Fwp%2Fv2%2Fcomments&post=206"}],"version-history":[{"count":71,"href":"https:\/\/onespec.ca\/index.php?rest_route=\/wp\/v2\/pages\/206\/revisions"}],"predecessor-version":[{"id":841,"href":"https:\/\/onespec.ca\/index.php?rest_route=\/wp\/v2\/pages\/206\/revisions\/841"}],"wp:featuredmedia":[{"embeddable":true,"href":"https:\/\/onespec.ca\/index.php?rest_route=\/wp\/v2\/media\/212"}],"wp:attachment":[{"href":"https:\/\/onespec.ca\/index.php?rest_route=%2Fwp%2Fv2%2Fmedia&parent=206"}],"curies":[{"name":"wp","href":"https:\/\/api.w.org\/{rel}","templated":true}]}}